{"id":4798,"date":"2025-03-02T23:56:53","date_gmt":"2025-03-02T23:56:53","guid":{"rendered":"https:\/\/gynecenter.ro\/interventii-de-chirurgie-orala\/"},"modified":"2025-05-01T10:44:21","modified_gmt":"2025-05-01T10:44:21","slug":"interventii-de-chirurgie-orala","status":"publish","type":"page","link":"https:\/\/gynecenter.ro\/ro\/interventii-de-chirurgie-orala\/","title":{"rendered":"INTERVEN\u021aII DE CHIRURGIE ORAL\u0102"},"content":{"rendered":"\t\t<div data-elementor-type=\"wp-page\" data-elementor-id=\"4798\" class=\"elementor elementor-4798 elementor-554\" data-elementor-post-type=\"page\">\n\t\t\t\t<div class=\"elementor-element elementor-element-5083b58 e-flex e-con-boxed e-con e-parent\" data-id=\"5083b58\" data-element_type=\"container\" data-settings=\"{&quot;background_background&quot;:&quot;classic&quot;,&quot;shape_divider_bottom&quot;:&quot;mountains&quot;}\">\n\t\t\t\t\t<div class=\"e-con-inner\">\n\t\t\t\t<div class=\"elementor-shape elementor-shape-bottom\" data-negative=\"false\">\n\t\t\t<svg xmlns=\"http:\/\/www.w3.org\/2000\/svg\" viewBox=\"0 0 1000 100\" preserveAspectRatio=\"none\">\n\t<path class=\"elementor-shape-fill\" opacity=\"0.33\" d=\"M473,67.3c-203.9,88.3-263.1-34-320.3,0C66,119.1,0,59.7,0,59.7V0h1000v59.7 c0,0-62.1,26.1-94.9,29.3c-32.8,3.3-62.8-12.3-75.8-22.1C806,49.6,745.3,8.7,694.9,4.7S492.4,59,473,67.3z\"\/>\n\t<path class=\"elementor-shape-fill\" opacity=\"0.66\" d=\"M734,67.3c-45.5,0-77.2-23.2-129.1-39.1c-28.6-8.7-150.3-10.1-254,39.1 s-91.7-34.4-149.2,0C115.7,118.3,0,39.8,0,39.8V0h1000v36.5c0,0-28.2-18.5-92.1-18.5C810.2,18.1,775.7,67.3,734,67.3z\"\/>\n\t<path class=\"elementor-shape-fill\" d=\"M766.1,28.9c-200-57.5-266,65.5-395.1,19.5C242,1.8,242,5.4,184.8,20.6C128,35.8,132.3,44.9,89.9,52.5C28.6,63.7,0,0,0,0 h1000c0,0-9.9,40.9-83.6,48.1S829.6,47,766.1,28.9z\"\/>\n<\/svg>\t\t<\/div>\n\t\t<div class=\"elementor-element elementor-element-6811f45 e-con-full e-flex e-con e-child\" data-id=\"6811f45\" data-element_type=\"container\">\n\t\t\t\t<\/div>\n\t\t<div class=\"elementor-element elementor-element-5d7ebb5 e-con-full e-flex e-con e-child\" data-id=\"5d7ebb5\" data-element_type=\"container\">\n\t\t\t\t<div class=\"elementor-element elementor-element-2c79855 elementor-widget elementor-widget-heading\" data-id=\"2c79855\" data-element_type=\"widget\" data-widget_type=\"heading.default\">\n\t\t\t\t<div class=\"elementor-widget-container\">\n\t\t\t\t\t<h2 class=\"elementor-heading-title elementor-size-default\">INTERVEN\u021aII DE CHIRURGIE ORAL\u0102<\/h2>\t\t\t\t<\/div>\n\t\t\t\t<\/div>\n\t\t\t\t<\/div>\n\t\t\t\t\t<\/div>\n\t\t\t\t<\/div>\n\t\t<div class=\"elementor-element elementor-element-4687b83 e-flex e-con-boxed e-con e-parent\" data-id=\"4687b83\" data-element_type=\"container\" data-settings=\"{&quot;background_background&quot;:&quot;classic&quot;}\">\n\t\t\t\t\t<div class=\"e-con-inner\">\n\t\t<div class=\"elementor-element elementor-element-aa368c0 e-con-full e-flex e-con e-child\" data-id=\"aa368c0\" data-element_type=\"container\">\n\t\t\t\t<div class=\"elementor-element elementor-element-7c777eb elementor-widget elementor-widget-text-editor\" data-id=\"7c777eb\" data-element_type=\"widget\" data-widget_type=\"text-editor.default\">\n\t\t\t\t<div class=\"elementor-widget-container\">\n\t\t\t\t\t\t\t\t\t<p>Dac\u0103 nu este posibil\u0103 sau este imposibil\u0103 \u00eendep\u0103rtarea dintelui prin procedur\u0103 conven\u021bional\u0103, este necesar\u0103 o interven\u021bie chirurgical\u0103 oral\u0103. Exist\u0103 cazuri \u00een care r\u0103d\u0103cina dentar\u0103 trebuie \u00eendep\u0103rtat\u0103, acesta poate fi reziduul de r\u0103d\u0103cin\u0103 al unei extrac\u021bii anterioare a din\u021bilor sau dac\u0103 din\u021bii se \u00eenclin\u0103 spre r\u0103d\u0103cin\u0103 \u0219i \u00eengusteaz\u0103 locul.<\/p><h6><br \/>Inserarea implanturilor dentare<\/h6><p>\u00cen cazurile potrivite, implantul are cea mai lung\u0103 durat\u0103 de via\u021b\u0103 posibil\u0103 \u0219i este cea mai de \u00eencredere metod\u0103 de restaurare \u00een caz de insuficien\u021b\u0103 dentar\u0103. \u00cen timpul procedurii, chirurgul oral introduce o r\u0103d\u0103cin\u0103 protetic\u0103 a dintelui (implant) \u00een osul maxilarului, pentru care proteza fix\u0103 sau deta\u0219abil\u0103 poate fi f\u0103cut\u0103 dup\u0103 o perioad\u0103 de recuperare de 4-6 luni. Ele sunt realizate din titan, o a\u0219a-numit\u0103 substan\u021b\u0103 biocompatibil\u0103 care este u\u0219or de integrat \u00een organism \u0219i \u021besutul osos.<\/p><h6><br \/>\u00cenlocuirea oaselor<\/h6><p>\u00cenlocuirea oaselor poate fi necesar\u0103 \u00eenainte sau \u00een timpul implant\u0103rii, \u00een cazul unei mase osoase insuficiente pentru a asigura stabilitatea pe termen lung a implantului. Teste suplimentare sunt necesare pentru a stabili un plan de tratament. Cel mai frecvent instrument de diagnosticare este CbCT-ul.<br \/>\u00cen func\u021bie de dimensiunea \u0219i forma defectelor osoase, folosim diferite tehnici chirurgicale, folosind propriile noastre oase \u0219i materiale de \u00eenlocuire osoas\u0103, osul propriu este utilizat \u00een blocuri sau sub form\u0103 de granule, independent sau \u00een combina\u021bie cu substan\u021be de \u00eenlocuire a osului.<\/p><p>\u00a0<\/p>\t\t\t\t\t\t\t\t<\/div>\n\t\t\t\t<\/div>\n\t\t\t\t<div class=\"elementor-element elementor-element-affa699 elementor-widget elementor-widget-image\" data-id=\"affa699\" data-element_type=\"widget\" data-widget_type=\"image.default\">\n\t\t\t\t<div class=\"elementor-widget-container\">\n\t\t\t\t\t\t\t\t\t\t\t\t\t\t\t<img fetchpriority=\"high\" decoding=\"async\" width=\"300\" height=\"297\" src=\"https:\/\/gynecenter.ro\/wp-content\/uploads\/2025\/03\/seb1-300x297.jpg\" class=\"attachment-medium size-medium wp-image-4549\" alt=\"\" srcset=\"https:\/\/gynecenter.ro\/wp-content\/uploads\/2025\/03\/seb1-300x297.jpg 300w, https:\/\/gynecenter.ro\/wp-content\/uploads\/2025\/03\/seb1-150x150.jpg 150w, https:\/\/gynecenter.ro\/wp-content\/uploads\/2025\/03\/seb1-768x760.jpg 768w, https:\/\/gynecenter.ro\/wp-content\/uploads\/2025\/03\/seb1.jpg 1000w\" sizes=\"(max-width: 300px) 100vw, 300px\" \/>\t\t\t\t\t\t\t\t\t\t\t\t\t\t\t<\/div>\n\t\t\t\t<\/div>\n\t\t\t\t<\/div>\n\t\t<div class=\"elementor-element elementor-element-a21492a e-con-full e-flex e-con e-child\" data-id=\"a21492a\" data-element_type=\"container\">\n\t\t\t\t<div class=\"elementor-element elementor-element-e3cbb60 elementor-hidden-mobile elementor-widget elementor-widget-image\" data-id=\"e3cbb60\" data-element_type=\"widget\" data-widget_type=\"image.default\">\n\t\t\t\t<div class=\"elementor-widget-container\">\n\t\t\t\t\t\t\t\t\t\t\t\t\t\t\t<img decoding=\"async\" width=\"1000\" height=\"990\" src=\"https:\/\/gynecenter.ro\/wp-content\/uploads\/2025\/03\/seb1.jpg\" class=\"attachment-full size-full wp-image-4549\" alt=\"\" srcset=\"https:\/\/gynecenter.ro\/wp-content\/uploads\/2025\/03\/seb1.jpg 1000w, https:\/\/gynecenter.ro\/wp-content\/uploads\/2025\/03\/seb1-300x297.jpg 300w, https:\/\/gynecenter.ro\/wp-content\/uploads\/2025\/03\/seb1-150x150.jpg 150w, https:\/\/gynecenter.ro\/wp-content\/uploads\/2025\/03\/seb1-768x760.jpg 768w\" sizes=\"(max-width: 1000px) 100vw, 1000px\" \/>\t\t\t\t\t\t\t\t\t\t\t\t\t\t\t<\/div>\n\t\t\t\t<\/div>\n\t\t<div class=\"elementor-element elementor-element-4d1e5a0 e-con-full e-flex e-con e-child\" data-id=\"4d1e5a0\" data-element_type=\"container\">\n\t\t\t\t<div class=\"elementor-element elementor-element-95d492a elementor-widget elementor-widget-heading\" data-id=\"95d492a\" data-element_type=\"widget\" data-widget_type=\"heading.default\">\n\t\t\t\t<div class=\"elementor-widget-container\">\n\t\t\t\t\t<h2 class=\"elementor-heading-title elementor-size-default\">Orar stomatologie<\/h2>\t\t\t\t<\/div>\n\t\t\t\t<\/div>\n\t\t\t\t<div class=\"elementor-element elementor-element-ddbf7a5 elementor-widget elementor-widget-text-editor\" data-id=\"ddbf7a5\" data-element_type=\"widget\" data-widget_type=\"text-editor.default\">\n\t\t\t\t<div class=\"elementor-widget-container\">\n\t\t\t\t\t\t\t\t\t<h6><span style=\"font-weight: bolder; font-size: 14.4px;\">Dr. Balogh Melinda<\/span><\/h6><p><strong>Luni:<\/strong> 11.00-17.00<br \/><strong>Mar\u021bi:<\/strong> 10.00-15.00<br \/><strong>Miercuri:<\/strong> 10.00-14.00<br \/><strong>Joi:<\/strong> 11.00-17.00<br \/><strong>Vineri:<\/strong> 9.00-14.00<\/p><h6>\u00a0<\/h6><h6><span style=\"font-weight: bolder; font-size: 14.4px;\">Dr. F\u00e1bi\u00e1n Zolt\u00e1n<\/span><\/h6><p><strong>Vineri:<\/strong> 9.00-12.00<\/p>\t\t\t\t\t\t\t\t<\/div>\n\t\t\t\t<\/div>\n\t\t\t\t<\/div>\n\t\t<div class=\"elementor-element elementor-element-605798f e-con-full elementor-hidden-mobile e-flex e-con e-child\" data-id=\"605798f\" data-element_type=\"container\">\n\t\t\t\t<div class=\"elementor-element elementor-element-ba9d487 elementor-widget elementor-widget-heading\" data-id=\"ba9d487\" data-element_type=\"widget\" data-widget_type=\"heading.default\">\n\t\t\t\t<div class=\"elementor-widget-container\">\n\t\t\t\t\t<h2 class=\"elementor-heading-title elementor-size-default\">Date de contact<\/h2>\t\t\t\t<\/div>\n\t\t\t\t<\/div>\n\t\t\t\t<div class=\"elementor-element elementor-element-d7fe1e0 elementor-widget elementor-widget-text-editor\" data-id=\"d7fe1e0\" data-element_type=\"widget\" data-widget_type=\"text-editor.default\">\n\t\t\t\t<div class=\"elementor-widget-container\">\n\t\t\t\t\t\t\t\t\t<p>Mihai Viteazul t\u00e9r 2 sz\u00e1m<br>Sepsiszentgy\u00f6rgy, 520008<br>Kov\u00e1szna megye, RO <\/p>\t\t\t\t\t\t\t\t<\/div>\n\t\t\t\t<\/div>\n\t\t\t\t<div class=\"elementor-element elementor-element-0c23366 elementor-icon-list--layout-traditional elementor-list-item-link-full_width elementor-widget elementor-widget-icon-list\" data-id=\"0c23366\" data-element_type=\"widget\" data-widget_type=\"icon-list.default\">\n\t\t\t\t<div class=\"elementor-widget-container\">\n\t\t\t\t\t\t\t<ul class=\"elementor-icon-list-items\">\n\t\t\t\t\t\t\t<li class=\"elementor-icon-list-item\">\n\t\t\t\t\t\t\t\t\t\t\t<a href=\"tel:123-456-7890\">\n\n\t\t\t\t\t\t\t\t\t\t\t\t<span class=\"elementor-icon-list-icon\">\n\t\t\t\t\t\t\t<svg aria-hidden=\"true\" class=\"e-font-icon-svg e-fas-phone-alt\" viewBox=\"0 0 512 512\" xmlns=\"http:\/\/www.w3.org\/2000\/svg\"><path d=\"M497.39 361.8l-112-48a24 24 0 0 0-28 6.9l-49.6 60.6A370.66 370.66 0 0 1 130.6 204.11l60.6-49.6a23.94 23.94 0 0 0 6.9-28l-48-112A24.16 24.16 0 0 0 122.6.61l-104 24A24 24 0 0 0 0 48c0 256.5 207.9 464 464 464a24 24 0 0 0 23.4-18.6l24-104a24.29 24.29 0 0 0-14.01-27.6z\"><\/path><\/svg>\t\t\t\t\t\t<\/span>\n\t\t\t\t\t\t\t\t\t\t<span class=\"elementor-icon-list-text\">0743 884 422<\/span>\n\t\t\t\t\t\t\t\t\t\t\t<\/a>\n\t\t\t\t\t\t\t\t\t<\/li>\n\t\t\t\t\t\t<\/ul>\n\t\t\t\t\t\t<\/div>\n\t\t\t\t<\/div>\n\t\t\t\t<div class=\"elementor-element elementor-element-945291f elementor-widget elementor-widget-button\" data-id=\"945291f\" data-element_type=\"widget\" data-widget_type=\"button.default\">\n\t\t\t\t<div class=\"elementor-widget-container\">\n\t\t\t\t\t\t\t\t\t<div class=\"elementor-button-wrapper\">\n\t\t\t\t\t<a class=\"elementor-button elementor-button-link elementor-size-sm\" href=\"#elementor-action%3Aaction%3Dpopup%3Aopen%26settings%3DeyJpZCI6NDk2NCwidG9nZ2xlIjpmYWxzZX0%3D\">\n\t\t\t\t\t\t<span class=\"elementor-button-content-wrapper\">\n\t\t\t\t\t\t\t\t\t<span class=\"elementor-button-text\">Rezervare programare<\/span>\n\t\t\t\t\t<\/span>\n\t\t\t\t\t<\/a>\n\t\t\t\t<\/div>\n\t\t\t\t\t\t\t\t<\/div>\n\t\t\t\t<\/div>\n\t\t\t\t<\/div>\n\t\t\t\t<\/div>\n\t\t\t\t\t<\/div>\n\t\t\t\t<\/div>\n\t\t\t\t<\/div>\n\t\t","protected":false},"excerpt":{"rendered":"<p>INTERVEN\u021aII DE CHIRURGIE ORAL\u0102 Dac\u0103 nu este posibil\u0103 sau este imposibil\u0103 \u00eendep\u0103rtarea dintelui prin procedur\u0103 conven\u021bional\u0103, este necesar\u0103 o interven\u021bie chirurgical\u0103 oral\u0103. Exist\u0103 cazuri \u00een care r\u0103d\u0103cina dentar\u0103 trebuie \u00eendep\u0103rtat\u0103, acesta poate fi reziduul de r\u0103d\u0103cin\u0103 al unei extrac\u021bii anterioare a din\u021bilor sau dac\u0103 din\u021bii se \u00eenclin\u0103 spre r\u0103d\u0103cin\u0103 \u0219i \u00eengusteaz\u0103 locul. Inserarea implanturilor dentare [&hellip;]<\/p>\n","protected":false},"author":1,"featured_media":0,"parent":0,"menu_order":0,"comment_status":"closed","ping_status":"closed","template":"","meta":{"footnotes":""},"class_list":["post-4798","page","type-page","status-publish","hentry"],"_links":{"self":[{"href":"https:\/\/gynecenter.ro\/ro\/wp-json\/wp\/v2\/pages\/4798","targetHints":{"allow":["GET"]}}],"collection":[{"href":"https:\/\/gynecenter.ro\/ro\/wp-json\/wp\/v2\/pages"}],"about":[{"href":"https:\/\/gynecenter.ro\/ro\/wp-json\/wp\/v2\/types\/page"}],"author":[{"embeddable":true,"href":"https:\/\/gynecenter.ro\/ro\/wp-json\/wp\/v2\/users\/1"}],"replies":[{"embeddable":true,"href":"https:\/\/gynecenter.ro\/ro\/wp-json\/wp\/v2\/comments?post=4798"}],"version-history":[{"count":7,"href":"https:\/\/gynecenter.ro\/ro\/wp-json\/wp\/v2\/pages\/4798\/revisions"}],"predecessor-version":[{"id":5509,"href":"https:\/\/gynecenter.ro\/ro\/wp-json\/wp\/v2\/pages\/4798\/revisions\/5509"}],"wp:attachment":[{"href":"https:\/\/gynecenter.ro\/ro\/wp-json\/wp\/v2\/media?parent=4798"}],"curies":[{"name":"wp","href":"https:\/\/api.w.org\/{rel}","templated":true}]}}